{"id":102,"date":"2025-05-22T18:48:02","date_gmt":"2025-05-22T18:48:02","guid":{"rendered":"https:\/\/edgecup.edgecamp.pl\/?page_id=102"},"modified":"2025-06-01T21:48:08","modified_gmt":"2025-06-01T21:48:08","slug":"miasto-katowice","status":"publish","type":"page","link":"https:\/\/edgecup.pl\/index.php\/lokalizacja\/miasto-katowice\/","title":{"rendered":"Miasto Katowice"},"content":{"rendered":"\n<p>Serce trzymilionowej aglomeracji g\u00f3rno\u015bl\u0105skiej, to miasto pe\u0142ne energii i ambicji, kt\u00f3re w ostatnich latach przeobrazi\u0142o si\u0119 w jedn\u0105 z najszybciej rozwijaj\u0105cych si\u0119 polskich metropolii. Dzi\u0119ki przemy\u015blanej polityce inwestycyjnej oraz strategicznemu po\u0142o\u017ceniu w centrum Europy, miasto sta\u0142o si\u0119 symbolem dynamicznego rozwoju gospodarczego i kulturowego. Dawniej kojarzone g\u0142\u00f3wnie z przemys\u0142em ci\u0119\u017ckim, dzi\u015b zaskakuje nowoczesn\u0105 infrastruktur\u0105, zr\u00f3\u017cnicowan\u0105 ofert\u0105 kulturaln\u0105 oraz zielonymi przestrzeniami, kt\u00f3re zapraszaj\u0105 mieszka\u0144c\u00f3w i turyst\u00f3w do odkrywania urok\u00f3w tego wyj\u0105tkowego miejsca.<\/p>\n\n\n\n<p>Nie spos\u00f3b pomin\u0105\u0107 bogatej historii sportowej miasta, kt\u00f3ra si\u0119ga pocz\u0105tk\u00f3w XX wieku. Katowice to kolebka polskiego \u0142y\u017cwiarstwa figurowego, rozwijaj\u0105cego si\u0119 tu ju\u017c od 1906 roku. Lokalni sportowcy, trenuj\u0105cy w katowickich klubach, przez dziesi\u0119ciolecia reprezentowali Polsk\u0119 na arenach mi\u0119dzynarodowych \u2013 od Mistrzostw Europy i \u015awiata po Igrzyska Olimpijskie. To pasja i determinacja tych zawodnik\u00f3w przyczyni\u0142y si\u0119 do ugruntowania pozycji Katowic jako jednego z najwa\u017cniejszych o\u015brodk\u00f3w sportowych w kraju.<\/p>\n\n\n\n<p>Dzi\u015b Katowice to nie tylko historia, ale i przysz\u0142o\u015b\u0107 \u2013 miasto, kt\u00f3re \u0142\u0105czy tradycj\u0119 z nowoczesno\u015bci\u0105, b\u0119d\u0105c wzorem dla innych miast w Polsce i poza jej granicami. To miejsce, kt\u00f3re inspiruje, rozwija i przyci\u0105ga, oferuj\u0105c wyj\u0105tkow\u0105 przestrze\u0144 do \u017cycia, pracy i aktywnego wypoczynku.<\/p>\n","protected":false},"excerpt":{"rendered":"<p>Serce trzymilionowej aglomeracji g\u00f3rno\u015bl\u0105skiej, to miasto pe\u0142ne energii i ambicji, kt\u00f3re w ostatnich latach przeobrazi\u0142o si\u0119 w jedn\u0105 z najszybciej rozwijaj\u0105cych si\u0119 polskich metropolii. Dzi\u0119ki przemy\u015blanej polityce inwestycyjnej oraz strategicznemu po\u0142o\u017ceniu w centrum Europy, miasto sta\u0142o si\u0119 symbolem dynamicznego rozwoju gospodarczego i kulturowego. Dawniej kojarzone g\u0142\u00f3wnie z przemys\u0142em ci\u0119\u017ckim, dzi\u015b zaskakuje nowoczesn\u0105 infrastruktur\u0105, zr\u00f3\u017cnicowan\u0105 ofert\u0105 &hellip; <\/p>\n<p class=\"link-more\"><a href=\"https:\/\/edgecup.pl\/index.php\/lokalizacja\/miasto-katowice\/\" class=\"more-link\">Czytaj dalej<span class=\"screen-reader-text\"> \u201eMiasto Katowice\u201d<\/span><\/a><\/p>\n","protected":false},"author":1,"featured_media":229,"parent":100,"menu_order":0,"comment_status":"closed","ping_status":"closed","template":"","meta":{"footnotes":""},"class_list":["post-102","page","type-page","status-publish","has-post-thumbnail","hentry"],"_links":{"self":[{"href":"https:\/\/edgecup.pl\/index.php\/wp-json\/wp\/v2\/pages\/102","targetHints":{"allow":["GET"]}}],"collection":[{"href":"https:\/\/edgecup.pl\/index.php\/wp-json\/wp\/v2\/pages"}],"about":[{"href":"https:\/\/edgecup.pl\/index.php\/wp-json\/wp\/v2\/types\/page"}],"author":[{"embeddable":true,"href":"https:\/\/edgecup.pl\/index.php\/wp-json\/wp\/v2\/users\/1"}],"replies":[{"embeddable":true,"href":"https:\/\/edgecup.pl\/index.php\/wp-json\/wp\/v2\/comments?post=102"}],"version-history":[{"count":1,"href":"https:\/\/edgecup.pl\/index.php\/wp-json\/wp\/v2\/pages\/102\/revisions"}],"predecessor-version":[{"id":103,"href":"https:\/\/edgecup.pl\/index.php\/wp-json\/wp\/v2\/pages\/102\/revisions\/103"}],"up":[{"embeddable":true,"href":"https:\/\/edgecup.pl\/index.php\/wp-json\/wp\/v2\/pages\/100"}],"wp:featuredmedia":[{"embeddable":true,"href":"https:\/\/edgecup.pl\/index.php\/wp-json\/wp\/v2\/media\/229"}],"wp:attachment":[{"href":"https:\/\/edgecup.pl\/index.php\/wp-json\/wp\/v2\/media?parent=102"}],"curies":[{"name":"wp","href":"https:\/\/api.w.org\/{rel}","templated":true}]}}