{"id":104,"date":"2025-05-22T18:49:10","date_gmt":"2025-05-22T18:49:10","guid":{"rendered":"https:\/\/edgecup.edgecamp.pl\/?page_id=104"},"modified":"2025-06-01T21:48:26","modified_gmt":"2025-06-01T21:48:26","slug":"lodowisko-jantor-arena","status":"publish","type":"page","link":"https:\/\/edgecup.pl\/index.php\/lokalizacja\/lodowisko-jantor-arena\/","title":{"rendered":"Lodowisko Jantor Arena"},"content":{"rendered":"\n<p>Lodowisko wchodzi w sk\u0142ad ca\u0142orocznego obiektu sportowo\u2013widowiskowego Jantor w Katowicach.&nbsp;Na obiekt sk\u0142adaj\u0105 si\u0119 dwa lodowiska, sala gimnastyczna i sala baletowa \/ si\u0142ownia. Zlokalizowane jest w pobli\u017cu centrum miasta. Sztuczne lodowisko jest pe\u0142nowymiarowe, a widownia mo\u017ce pomie\u015bci\u0107 1400 os\u00f3b. Organizowane s\u0105 tutaj r\u00f3\u017cne wydarzenia, zawody i pokazy. Przy obiekcie znajduje si\u0119 parking.<\/p>\n\n\n\n<p>Adres: ul. Na\u0142kowskiej 11, 40-425 Katowice, Polska<\/p>\n\n\n\n<p><a href=\"https:\/\/maps.app.goo.gl\/Q2yihae9vk4JTwRV6\">https:\/\/maps.app.goo.gl\/Q2yihae9vk4JTwRV6<\/a><\/p>\n\n\n\n<figure class=\"wp-block-image size-full\"><img loading=\"lazy\" decoding=\"async\" width=\"985\" height=\"559\" src=\"http:\/\/edgecup.edgecamp.pl\/wp-content\/uploads\/2025\/05\/image-1.png\" alt=\"\" class=\"wp-image-168\" srcset=\"https:\/\/edgecup.pl\/wp-content\/uploads\/2025\/05\/image-1.png 985w, https:\/\/edgecup.pl\/wp-content\/uploads\/2025\/05\/image-1-300x170.png 300w, https:\/\/edgecup.pl\/wp-content\/uploads\/2025\/05\/image-1-768x436.png 768w\" sizes=\"auto, (max-width: 767px) 89vw, (max-width: 1000px) 54vw, (max-width: 1071px) 543px, 580px\" \/><\/figure>\n\n\n\n<p><\/p>\n\n\n\n<p>Dodatkowo dla przyjezdnych go\u015bci  przy g\u0142\u00f3wnej ulicy dojazdowej do lodowiska (ok. 600m) znajduje si\u0119 du\u017cy bezp\u0142atny parking:<\/p>\n\n\n\n<p>Adres: Nikiszowiec P\u0119tla, 40-431 Katowice, Polska<\/p>\n\n\n\n<p><a href=\"https:\/\/maps.app.goo.gl\/yynab46riFonhMaD8\">https:\/\/maps.app.goo.gl\/yynab46riFonhMaD<\/a><\/p>\n\n\n\n<figure class=\"wp-block-image size-full\"><img loading=\"lazy\" decoding=\"async\" width=\"666\" height=\"822\" src=\"http:\/\/edgecup.edgecamp.pl\/wp-content\/uploads\/2025\/05\/image-2-.png\" alt=\"\" class=\"wp-image-169\" srcset=\"https:\/\/edgecup.pl\/wp-content\/uploads\/2025\/05\/image-2-.png 666w, https:\/\/edgecup.pl\/wp-content\/uploads\/2025\/05\/image-2--243x300.png 243w\" sizes=\"auto, (max-width: 666px) 100vw, 666px\" \/><\/figure>\n","protected":false},"excerpt":{"rendered":"<p>Lodowisko wchodzi w sk\u0142ad ca\u0142orocznego obiektu sportowo\u2013widowiskowego Jantor w Katowicach.&nbsp;Na obiekt sk\u0142adaj\u0105 si\u0119 dwa lodowiska, sala gimnastyczna i sala baletowa \/ si\u0142ownia. Zlokalizowane jest w pobli\u017cu centrum miasta. Sztuczne lodowisko jest pe\u0142nowymiarowe, a widownia mo\u017ce pomie\u015bci\u0107 1400 os\u00f3b. Organizowane s\u0105 tutaj r\u00f3\u017cne wydarzenia, zawody i pokazy. Przy obiekcie znajduje si\u0119 parking. Adres: ul. Na\u0142kowskiej 11, &hellip; <\/p>\n<p class=\"link-more\"><a href=\"https:\/\/edgecup.pl\/index.php\/lokalizacja\/lodowisko-jantor-arena\/\" class=\"more-link\">Czytaj dalej<span class=\"screen-reader-text\"> \u201eLodowisko Jantor Arena\u201d<\/span><\/a><\/p>\n","protected":false},"author":1,"featured_media":230,"parent":100,"menu_order":0,"comment_status":"closed","ping_status":"closed","template":"","meta":{"footnotes":""},"class_list":["post-104","page","type-page","status-publish","has-post-thumbnail","hentry"],"_links":{"self":[{"href":"https:\/\/edgecup.pl\/index.php\/wp-json\/wp\/v2\/pages\/104","targetHints":{"allow":["GET"]}}],"collection":[{"href":"https:\/\/edgecup.pl\/index.php\/wp-json\/wp\/v2\/pages"}],"about":[{"href":"https:\/\/edgecup.pl\/index.php\/wp-json\/wp\/v2\/types\/page"}],"author":[{"embeddable":true,"href":"https:\/\/edgecup.pl\/index.php\/wp-json\/wp\/v2\/users\/1"}],"replies":[{"embeddable":true,"href":"https:\/\/edgecup.pl\/index.php\/wp-json\/wp\/v2\/comments?post=104"}],"version-history":[{"count":2,"href":"https:\/\/edgecup.pl\/index.php\/wp-json\/wp\/v2\/pages\/104\/revisions"}],"predecessor-version":[{"id":171,"href":"https:\/\/edgecup.pl\/index.php\/wp-json\/wp\/v2\/pages\/104\/revisions\/171"}],"up":[{"embeddable":true,"href":"https:\/\/edgecup.pl\/index.php\/wp-json\/wp\/v2\/pages\/100"}],"wp:featuredmedia":[{"embeddable":true,"href":"https:\/\/edgecup.pl\/index.php\/wp-json\/wp\/v2\/media\/230"}],"wp:attachment":[{"href":"https:\/\/edgecup.pl\/index.php\/wp-json\/wp\/v2\/media?parent=104"}],"curies":[{"name":"wp","href":"https:\/\/api.w.org\/{rel}","templated":true}]}}