{"id":110,"date":"2025-05-22T18:50:53","date_gmt":"2025-05-22T18:50:53","guid":{"rendered":"https:\/\/edgecup.edgecamp.pl\/?page_id=110"},"modified":"2026-01-25T15:28:54","modified_gmt":"2026-01-25T15:28:54","slug":"treningi","status":"publish","type":"page","link":"https:\/\/edgecup.pl\/index.php\/zawody\/treningi\/","title":{"rendered":"Treningi"},"content":{"rendered":"\n<p><strong>Formularze rejestracyjne na treningi:<\/strong><\/p>\n\n\n\n<p>Solo Dance &#8211; <a href=\"https:\/\/forms.gle\/2fRFT8sbW3KiW2Yq7\">https:\/\/forms.gle\/2fRFT8sbW3KiW2Yq7<\/a><br>Ta\u0144ce na lodzie (pary) &#8211;<a href=\" https:\/\/forms.gle\/Edo92FMUsa57yy266\">https:\/\/forms.gle\/Edo92FMUsa57yy266<\/a><br>ISU Soli\u015bci i Solistki &#8211; <a href=\"https:\/\/forms.gle\/T8YxQkwkoK6PVzBk9\">https:\/\/forms.gle\/T8YxQkwkoK6PVzBk9<\/a><br>Interclub Soli\u015bci i Solistki &#8211; <a href=\"https:\/\/forms.gle\/vMTwjyJMuYnk4L7V7\">https:\/\/forms.gle\/vMTwjyJMuYnk4L7V7<\/a><\/p>\n\n\n<\/p>\n<p><iframe style=\"width: 100%; height: 600px; border: 0;\" src=\"https:\/\/docs.google.com\/spreadsheets\/d\/e\/2PACX-1vRCmRDsQBvbDLM-6P2ZOcIm3poBXTq15hD-ankOoV9Tmau0rnSTwfPcbIsSnlsixXntpxDPfrjjbgo_\/pubhtml?gid=1479121984&amp;single=true&amp;widget=true&amp;headers=false\"><\/iframe><\/p>\n\n\n<hr class=\"wp-block-separator has-alpha-channel-opacity\"\/>\n\n\n<p><iframe style=\"width: 100%; height: 600px; border: 0;\" src=\"https:\/\/docs.google.com\/spreadsheets\/d\/e\/2PACX-1vQMVBUJk6JK5EHb2vJdTfoKfwjGDNfLBT7Go63sUaGPV7Yc_Co6GQdSx5TK1N68sz1WEKy0kLWknFQO\/pubhtml?widget=true&amp;headers=false\"><\/iframe><\/p>\n\n\n<hr class=\"wp-block-separator has-alpha-channel-opacity\"\/>\n\n\n\n<p class=\"has-text-align-center\"><strong>Zawodnicy oznaczeni kolorem czerwonym proszeni s\u0105 o kontakt z Biurem Zawod\u00f3w <span style=\"text-decoration: underline;\">przed treningiem<\/span> oraz o dokonanie p\u0142atno\u015bci.<\/strong><\/p>\n\n\n<p><iframe style=\"width: 100%; height: 600px; border: 0;\" src=\"https:\/\/docs.google.com\/spreadsheets\/d\/e\/2PACX-1vRZ2bkfFmYeWf0Vabgf3EnhjkZEq5ILpl3gATGbIjWphLKkurxbUEZeLXPFLUpd1zm6w3ZZp4-bQI7o\/pubhtml?widget=true&amp;headers=false\"><\/iframe><\/p>\n\n\n<hr class=\"wp-block-separator has-alpha-channel-opacity\"\/>\n\n\n\n<p class=\"has-text-align-center\"><strong>Zawodnicy oznaczeni kolorem czerwonym proszeni s\u0105 o kontakt z Biurem Zawod\u00f3w <span style=\"text-decoration: underline;\">przed treningiem<\/span> oraz o dokonanie p\u0142atno\u015bci.<\/strong><\/p>\n\n\n<p><iframe    src=\"https:\/\/docs.google.com\/spreadsheets\/d\/e\/2PACX-1vRzZRerlGvIFDKZhlpg8TJxYNwSNnxK4w5anOTct6plmM-_BbXyH5QcddU8wTEL3oMboeH5oMVLmKfK\/pubhtml?widget=true&amp;headers=false\"\nstyle=\"width:100%; height:600px; border:0;\"><\/iframe><\/p>\n\n\n<hr class=\"wp-block-separator has-alpha-channel-opacity\"\/>\n\n\n\n<p class=\"has-text-align-center\"><strong>Zawodnicy oznaczeni kolorem czerwonym proszeni s\u0105 o kontakt z Biurem Zawod\u00f3w <span style=\"text-decoration: underline;\">przed treningiem<\/span> oraz o dokonanie p\u0142atno\u015bci.<\/strong><\/p>\n\n\n<p><iframe  src=\"https:\/\/docs.google.com\/spreadsheets\/d\/e\/2PACX-1vQvI1l4-9I9QN_x1BT8MTVxUJ_Ik8oqaEKryJZTxMM8OJNcz0ANFiYPGQxA1BjUisV30p16BgL2etxn\/pubhtml?widget=true&amp;headers=false\"\nstyle=\"width:100%; height:600px; border:0;\"><\/iframe><\/p>","protected":false},"excerpt":{"rendered":"<p>Formularze rejestracyjne na treningi: Solo Dance &#8211; https:\/\/forms.gle\/2fRFT8sbW3KiW2Yq7Ta\u0144ce na lodzie (pary) &#8211;https:\/\/forms.gle\/Edo92FMUsa57yy266ISU Soli\u015bci i Solistki &#8211; https:\/\/forms.gle\/T8YxQkwkoK6PVzBk9Interclub Soli\u015bci i Solistki &#8211; https:\/\/forms.gle\/vMTwjyJMuYnk4L7V7 Zawodnicy oznaczeni kolorem czerwonym proszeni s\u0105 o kontakt z Biurem Zawod\u00f3w przed treningiem oraz o dokonanie p\u0142atno\u015bci. Zawodnicy oznaczeni kolorem czerwonym proszeni s\u0105 o kontakt z Biurem Zawod\u00f3w przed treningiem oraz o dokonanie &hellip; <\/p>\n<p class=\"link-more\"><a href=\"https:\/\/edgecup.pl\/index.php\/zawody\/treningi\/\" class=\"more-link\">Czytaj dalej<span class=\"screen-reader-text\"> \u201eTreningi\u201d<\/span><\/a><\/p>\n","protected":false},"author":1,"featured_media":0,"parent":108,"menu_order":0,"comment_status":"closed","ping_status":"closed","template":"","meta":{"footnotes":""},"class_list":["post-110","page","type-page","status-publish","hentry"],"_links":{"self":[{"href":"https:\/\/edgecup.pl\/index.php\/wp-json\/wp\/v2\/pages\/110","targetHints":{"allow":["GET"]}}],"collection":[{"href":"https:\/\/edgecup.pl\/index.php\/wp-json\/wp\/v2\/pages"}],"about":[{"href":"https:\/\/edgecup.pl\/index.php\/wp-json\/wp\/v2\/types\/page"}],"author":[{"embeddable":true,"href":"https:\/\/edgecup.pl\/index.php\/wp-json\/wp\/v2\/users\/1"}],"replies":[{"embeddable":true,"href":"https:\/\/edgecup.pl\/index.php\/wp-json\/wp\/v2\/comments?post=110"}],"version-history":[{"count":3,"href":"https:\/\/edgecup.pl\/index.php\/wp-json\/wp\/v2\/pages\/110\/revisions"}],"predecessor-version":[{"id":496,"href":"https:\/\/edgecup.pl\/index.php\/wp-json\/wp\/v2\/pages\/110\/revisions\/496"}],"up":[{"embeddable":true,"href":"https:\/\/edgecup.pl\/index.php\/wp-json\/wp\/v2\/pages\/108"}],"wp:attachment":[{"href":"https:\/\/edgecup.pl\/index.php\/wp-json\/wp\/v2\/media?parent=110"}],"curies":[{"name":"wp","href":"https:\/\/api.w.org\/{rel}","templated":true}]}}