{"id":136,"date":"2025-05-22T19:09:38","date_gmt":"2025-05-22T19:09:38","guid":{"rendered":"https:\/\/edgecup.edgecamp.pl\/?page_id=136"},"modified":"2025-11-16T14:13:10","modified_gmt":"2025-11-16T14:13:10","slug":"kontakt","status":"publish","type":"page","link":"https:\/\/edgecup.pl\/index.php\/kontakt\/","title":{"rendered":"Kontakt"},"content":{"rendered":"\n<p>Komitet Organizacyjny:<\/p>\n\n\n\n<p>Przemys\u0142aw DOMA\u0143SKI &#8211; Przewodnicz\u0105cy Komitetu Organizacyjnego<br>Piotr NOWAK &#8211; Koordynator Zawod\u00f3w<br>Kamil PETEJA &#8211; Dyrektor Techniczny<br>Anna BUCZEK &#8211; Biuro Komitetu Organizacyjnego<\/p>\n\n\n\n<p><strong>e-mail: <\/strong>oc.edgecup@gmail.com<\/p>\n\n\n\n<p><strong>tel.<\/strong> +48691351672<\/p>\n","protected":false},"excerpt":{"rendered":"<p>Komitet Organizacyjny: Przemys\u0142aw DOMA\u0143SKI &#8211; Przewodnicz\u0105cy Komitetu OrganizacyjnegoPiotr NOWAK &#8211; Koordynator Zawod\u00f3wKamil PETEJA &#8211; Dyrektor TechnicznyAnna BUCZEK &#8211; Biuro Komitetu Organizacyjnego e-mail: oc.edgecup@gmail.com tel. +48691351672<\/p>\n","protected":false},"author":1,"featured_media":0,"parent":0,"menu_order":0,"comment_status":"closed","ping_status":"closed","template":"","meta":{"footnotes":""},"class_list":["post-136","page","type-page","status-publish","hentry"],"_links":{"self":[{"href":"https:\/\/edgecup.pl\/index.php\/wp-json\/wp\/v2\/pages\/136","targetHints":{"allow":["GET"]}}],"collection":[{"href":"https:\/\/edgecup.pl\/index.php\/wp-json\/wp\/v2\/pages"}],"about":[{"href":"https:\/\/edgecup.pl\/index.php\/wp-json\/wp\/v2\/types\/page"}],"author":[{"embeddable":true,"href":"https:\/\/edgecup.pl\/index.php\/wp-json\/wp\/v2\/users\/1"}],"replies":[{"embeddable":true,"href":"https:\/\/edgecup.pl\/index.php\/wp-json\/wp\/v2\/comments?post=136"}],"version-history":[{"count":2,"href":"https:\/\/edgecup.pl\/index.php\/wp-json\/wp\/v2\/pages\/136\/revisions"}],"predecessor-version":[{"id":257,"href":"https:\/\/edgecup.pl\/index.php\/wp-json\/wp\/v2\/pages\/136\/revisions\/257"}],"wp:attachment":[{"href":"https:\/\/edgecup.pl\/index.php\/wp-json\/wp\/v2\/media?parent=136"}],"curies":[{"name":"wp","href":"https:\/\/api.w.org\/{rel}","templated":true}]}}