{"id":40,"date":"2025-05-22T18:03:18","date_gmt":"2025-05-22T18:03:18","guid":{"rendered":"https:\/\/edgecup.edgecamp.pl\/?page_id=40"},"modified":"2026-01-13T23:14:03","modified_gmt":"2026-01-13T23:14:03","slug":"edge-cup","status":"publish","type":"page","link":"https:\/\/edgecup.pl\/","title":{"rendered":"EDGE CUP"},"content":{"rendered":"\n<p class=\"has-text-align-center\">Witamy na stronie internetowej <strong>mi\u0119dzynarodowych zawod\u00f3w<\/strong> <strong>w \u0142y\u017cwiarstwie figurowym &#8211; EDGE CUP<\/strong>. <\/p>\n\n\n\n<p class=\"has-text-align-center\">Z wielk\u0105 rado\u015bci\u0105 zapraszamy Pa\u0144stwa do uczestnictwa i kibicowania \u0142y\u017cwiarzom figurowym w ich sportowych zmaganiach. Zawody s\u0105 rozgrywane w \u0142y\u017cwiarstwie figurowym solist\u00f3w oraz ta\u0144cach na lodzie we wszystkich kategoriach wiekowych!<\/p>\n\n\n\n<p class=\"has-text-align-center\">W 2026 roku poszerzyli\u015bmy list\u0119 kraj\u00f3w, kt\u00f3re nas odwiedz\u0105, poniewa\u017c zdecydowali\u015bmy si\u0119, aby by\u0142y to ponownie zawody b\u0119d\u0105 rozgrywane pod autoryzacj\u0105 <strong>Mi\u0119dzynarodowej Unii \u0141y\u017cwiarskiej (ISU)<\/strong> w kategoriach Novice Advanced, Junior i Senior, w\u0142\u0105czaj\u0105c kategori\u0119 ta\u0144c\u00f3w solo oraz ta\u0144ca na lodzie w parach.<\/p>\n\n\n\n<hr class=\"wp-block-separator has-alpha-channel-opacity\"\/>\n\n\n\n<p class=\"has-text-align-center\">W zawodach b\u0119dzie uczestniczy\u0107 <strong>ponad 600 zawodnik\u00f3w<\/strong> z ca\u0142ego kraju i zagranicy.<\/p>\n\n\n\n<p class=\"has-text-align-center\">Ubieg\u0142oroczne zawody cieszy\u0142y si\u0119 du\u017cym zainteresowaniem zar\u00f3wno ze strony kibic\u00f3w, jak i zawodnik\u00f3w.<\/p>\n\n\n\n<p class=\"has-text-align-center\">Podczas <strong>czwartej edycji<\/strong> zawod\u00f3w spodziewamy si\u0119 <strong>najlepszych zawodnik\u00f3w z 35 kraj\u00f3w<\/strong>: Australii \ud83c\udde6\ud83c\uddfa, Austrii \ud83c\udde6\ud83c\uddf9, Azerbejd\u017canu \ud83c\udde6\ud83c\uddff, Brazylii \ud83c\udde7\ud83c\uddf7, Bu\u0142garii \ud83c\udde7\ud83c\uddec, Chin \ud83c\udde8\ud83c\uddf3, Chi\u0144skiego Tajpej \ud83c\uddf9\ud83c\uddfc, Cypru \ud83c\udde8\ud83c\uddfe, Czech \ud83c\udde8\ud83c\uddff, Danii \ud83c\udde9\ud83c\uddf0, Finlandii \ud83c\uddeb\ud83c\uddee, Francji \ud83c\uddeb\ud83c\uddf7, Grecji \ud83c\uddec\ud83c\uddf7, Gruzji \ud83c\uddec\ud83c\uddea, Hiszpanii \ud83c\uddea\ud83c\uddf8, Holandii \ud83c\uddf3\ud83c\uddf1, Indonezji \ud83c\uddee\ud83c\udde9, Irlandii \ud83c\uddee\ud83c\uddea, Kazachstanu \ud83c\uddf0\ud83c\uddff, Meksyku \ud83c\uddf2\ud83c\uddfd, Niemiec \ud83c\udde9\ud83c\uddea, Norwegii \ud83c\uddf3\ud83c\uddf4, Polski \ud83c\uddf5\ud83c\uddf1, Republiki Po\u0142udniowej Afryki \ud83c\uddff\ud83c\udde6, Rumunii \ud83c\uddf7\ud83c\uddf4, Serbii \ud83c\uddf7\ud83c\uddf8, Stan\u00f3w Zjednoczonych \ud83c\uddfa\ud83c\uddf8, Szwajcarii \ud83c\udde8\ud83c\udded, S\u0142owacji \ud83c\uddf8\ud83c\uddf0, S\u0142owenii \ud83c\uddf8\ud83c\uddee, Turcji \ud83c\uddf9\ud83c\uddf7, Ukrainy \ud83c\uddfa\ud83c\udde6, Wielkiej Brytanii \ud83c\uddec\ud83c\udde7, W\u0119gier \ud83c\udded\ud83c\uddfa i W\u0142och \ud83c\uddee\ud83c\uddf9.<\/p>\n\n\n\n<hr class=\"wp-block-separator has-alpha-channel-opacity\"\/>\n\n\n\n<p class=\"has-text-align-center has-medium-font-size\"><strong>27 stycznia &#8211; 4 lutego 2026<\/strong><\/p>\n\n\n\n<p class=\"has-text-align-center\">Lodowisko Jantor w Katowicach, ul. Na\u0142kowskiej 11<\/p>\n\n\n\n<p class=\"has-text-align-center\"><strong>Wst\u0119p dla kibic\u00f3w jest bezp\u0142atny!<\/strong> <\/p>\n\n\n\n<hr class=\"wp-block-separator has-alpha-channel-opacity\"\/>\n\n\n\n<p class=\"has-text-align-center\"><em><strong>Plan minutowy<\/strong> jest dost\u0119pny w g\u00f3rnym Menu w zak\u0142adce Zawody &#8211; info<\/em><\/p>\n\n\n\n<p class=\"has-text-align-center\"><em><strong>Transmisja na \u017cywo z zawod\u00f3w<\/strong> jest dost\u0119pna w g\u00f3rnym Menu w zak\u0142adce Zawody &#8211; info<\/em><\/p>\n","protected":false},"excerpt":{"rendered":"<p>Witamy na stronie internetowej mi\u0119dzynarodowych zawod\u00f3w w \u0142y\u017cwiarstwie figurowym &#8211; EDGE CUP. Z wielk\u0105 rado\u015bci\u0105 zapraszamy Pa\u0144stwa do uczestnictwa i kibicowania \u0142y\u017cwiarzom figurowym w ich sportowych zmaganiach. Zawody s\u0105 rozgrywane w \u0142y\u017cwiarstwie figurowym solist\u00f3w oraz ta\u0144cach na lodzie we wszystkich kategoriach wiekowych! W 2026 roku poszerzyli\u015bmy list\u0119 kraj\u00f3w, kt\u00f3re nas odwiedz\u0105, poniewa\u017c zdecydowali\u015bmy si\u0119, aby &hellip; <\/p>\n<p class=\"link-more\"><a href=\"https:\/\/edgecup.pl\/\" class=\"more-link\">Czytaj dalej<span class=\"screen-reader-text\"> \u201eEDGE CUP\u201d<\/span><\/a><\/p>\n","protected":false},"author":1,"featured_media":0,"parent":0,"menu_order":0,"comment_status":"closed","ping_status":"closed","template":"","meta":{"footnotes":""},"class_list":["post-40","page","type-page","status-publish","hentry"],"_links":{"self":[{"href":"https:\/\/edgecup.pl\/index.php\/wp-json\/wp\/v2\/pages\/40","targetHints":{"allow":["GET"]}}],"collection":[{"href":"https:\/\/edgecup.pl\/index.php\/wp-json\/wp\/v2\/pages"}],"about":[{"href":"https:\/\/edgecup.pl\/index.php\/wp-json\/wp\/v2\/types\/page"}],"author":[{"embeddable":true,"href":"https:\/\/edgecup.pl\/index.php\/wp-json\/wp\/v2\/users\/1"}],"replies":[{"embeddable":true,"href":"https:\/\/edgecup.pl\/index.php\/wp-json\/wp\/v2\/comments?post=40"}],"version-history":[{"count":7,"href":"https:\/\/edgecup.pl\/index.php\/wp-json\/wp\/v2\/pages\/40\/revisions"}],"predecessor-version":[{"id":392,"href":"https:\/\/edgecup.pl\/index.php\/wp-json\/wp\/v2\/pages\/40\/revisions\/392"}],"wp:attachment":[{"href":"https:\/\/edgecup.pl\/index.php\/wp-json\/wp\/v2\/media?parent=40"}],"curies":[{"name":"wp","href":"https:\/\/api.w.org\/{rel}","templated":true}]}}