{"id":94,"date":"2025-05-22T18:45:54","date_gmt":"2025-05-22T18:45:54","guid":{"rendered":"https:\/\/edgecup.edgecamp.pl\/?page_id=94"},"modified":"2025-11-16T15:47:33","modified_gmt":"2025-11-16T15:47:33","slug":"zawody-informacje","status":"publish","type":"page","link":"https:\/\/edgecup.pl\/index.php\/zawody-informacje\/","title":{"rendered":"Zawody &#8211; informacje"},"content":{"rendered":"\n<p>W dniach <strong>27 stycznia &#8211; 4 lutego 2026 r. <\/strong>w Polsce w mie\u015bcie Katowic na Lodowisku Jantor odb\u0119dzie si\u0119 trzecia edycja <strong>Mi\u0119dzynarodowych Zawod\u00f3w w \u0141y\u017cwiarstwie Figurowym EDGE CUP<\/strong>.<br>Zesz\u0142oroczne zawody cieszy\u0142y si\u0119 ogromnym zainteresowaniem kibic\u00f3w, jak i zawodnik\u00f3w. Udzia\u0142 w nich brali zawodnicy z <strong>29 kraj\u00f3w<\/strong>: Armenii, Australii, Austrii, Azerbejd\u017canu, Barbadosu, Bu\u0142garii, Chorwacji, Czech, Estonii, Filipin, Finlandii, Francji, Grecji, Hiszpani, Holandii, Litwy, Malezji, Niemiec, Norwegii, Rumuni, S\u0142owacji, Szwajcarii, Tajpej (Tajwanu, Chin), Ukrainy, W\u0119gier, Wielkiej Brytanii, W\u0142och, Stan\u00f3w Zjednoczonych oraz Polski.\u0141\u0105cznie go\u015bcili\u015bmy ponad 600 zawodnik\u00f3w i trener\u00f3w.<\/p>\n\n\n\n<p>Zawody EDGE CUP 2026 odbywaj\u0105 si\u0119 pod autoryzacj\u0105 <strong>Mi\u0119dzynarodowej Unii \u0141y\u017cwiarskiej (ISU)<\/strong>, co zdecydowanie podnosi rang\u0119 imprezy.<\/p>\n","protected":false},"excerpt":{"rendered":"<p>W dniach 27 stycznia &#8211; 4 lutego 2026 r. w Polsce w mie\u015bcie Katowic na Lodowisku Jantor odb\u0119dzie si\u0119 trzecia edycja Mi\u0119dzynarodowych Zawod\u00f3w w \u0141y\u017cwiarstwie Figurowym EDGE CUP.Zesz\u0142oroczne zawody cieszy\u0142y si\u0119 ogromnym zainteresowaniem kibic\u00f3w, jak i zawodnik\u00f3w. Udzia\u0142 w nich brali zawodnicy z 29 kraj\u00f3w: Armenii, Australii, Austrii, Azerbejd\u017canu, Barbadosu, Bu\u0142garii, Chorwacji, Czech, Estonii, Filipin, &hellip; <\/p>\n<p class=\"link-more\"><a href=\"https:\/\/edgecup.pl\/index.php\/zawody-informacje\/\" class=\"more-link\">Czytaj dalej<span class=\"screen-reader-text\"> \u201eZawody &#8211; informacje\u201d<\/span><\/a><\/p>\n","protected":false},"author":1,"featured_media":0,"parent":0,"menu_order":0,"comment_status":"closed","ping_status":"closed","template":"","meta":{"footnotes":""},"class_list":["post-94","page","type-page","status-publish","hentry"],"_links":{"self":[{"href":"https:\/\/edgecup.pl\/index.php\/wp-json\/wp\/v2\/pages\/94","targetHints":{"allow":["GET"]}}],"collection":[{"href":"https:\/\/edgecup.pl\/index.php\/wp-json\/wp\/v2\/pages"}],"about":[{"href":"https:\/\/edgecup.pl\/index.php\/wp-json\/wp\/v2\/types\/page"}],"author":[{"embeddable":true,"href":"https:\/\/edgecup.pl\/index.php\/wp-json\/wp\/v2\/users\/1"}],"replies":[{"embeddable":true,"href":"https:\/\/edgecup.pl\/index.php\/wp-json\/wp\/v2\/comments?post=94"}],"version-history":[{"count":2,"href":"https:\/\/edgecup.pl\/index.php\/wp-json\/wp\/v2\/pages\/94\/revisions"}],"predecessor-version":[{"id":289,"href":"https:\/\/edgecup.pl\/index.php\/wp-json\/wp\/v2\/pages\/94\/revisions\/289"}],"wp:attachment":[{"href":"https:\/\/edgecup.pl\/index.php\/wp-json\/wp\/v2\/media?parent=94"}],"curies":[{"name":"wp","href":"https:\/\/api.w.org\/{rel}","templated":true}]}}