{"id":96,"date":"2025-05-22T18:46:38","date_gmt":"2025-05-22T18:46:38","guid":{"rendered":"https:\/\/edgecup.edgecamp.pl\/?page_id=96"},"modified":"2026-01-28T23:28:27","modified_gmt":"2026-01-28T23:28:27","slug":"transmisja-on-line","status":"publish","type":"page","link":"https:\/\/edgecup.pl\/index.php\/zawody-informacje\/transmisja-on-line\/","title":{"rendered":"Transmisja on-line"},"content":{"rendered":"\n<p>Transmisja na \u017cywo z zawod\u00f3w, b\u0119dzie dost\u0119pna w trakcie trwania ca\u0142ych zawod\u00f3w na stronie www.live.edgecup.pl !<\/p>\n\n\n\n<figure class=\"wp-block-image size-large\"><a href=\"https:\/\/live.edgecup.pl\/\"><img loading=\"lazy\" decoding=\"async\" width=\"1024\" height=\"576\" src=\"http:\/\/edgecup.pl\/wp-content\/uploads\/2026\/01\/2026-EdgeCup-YouTube-1024x576.jpg\" alt=\"\" class=\"wp-image-466\" srcset=\"https:\/\/edgecup.pl\/wp-content\/uploads\/2026\/01\/2026-EdgeCup-YouTube-1024x576.jpg 1024w, https:\/\/edgecup.pl\/wp-content\/uploads\/2026\/01\/2026-EdgeCup-YouTube-300x169.jpg 300w, https:\/\/edgecup.pl\/wp-content\/uploads\/2026\/01\/2026-EdgeCup-YouTube-768x432.jpg 768w, https:\/\/edgecup.pl\/wp-content\/uploads\/2026\/01\/2026-EdgeCup-YouTube-1536x864.jpg 1536w, https:\/\/edgecup.pl\/wp-content\/uploads\/2026\/01\/2026-EdgeCup-YouTube.jpg 1920w\" sizes=\"auto, (max-width: 767px) 89vw, (max-width: 1000px) 54vw, (max-width: 1071px) 543px, 580px\" \/><\/a><\/figure>\n\n\n\n<p><\/p>\n","protected":false},"excerpt":{"rendered":"<p>Transmisja na \u017cywo z zawod\u00f3w, b\u0119dzie dost\u0119pna w trakcie trwania ca\u0142ych zawod\u00f3w na stronie www.live.edgecup.pl !<\/p>\n","protected":false},"author":1,"featured_media":0,"parent":94,"menu_order":0,"comment_status":"closed","ping_status":"closed","template":"","meta":{"footnotes":""},"class_list":["post-96","page","type-page","status-publish","hentry"],"_links":{"self":[{"href":"https:\/\/edgecup.pl\/index.php\/wp-json\/wp\/v2\/pages\/96","targetHints":{"allow":["GET"]}}],"collection":[{"href":"https:\/\/edgecup.pl\/index.php\/wp-json\/wp\/v2\/pages"}],"about":[{"href":"https:\/\/edgecup.pl\/index.php\/wp-json\/wp\/v2\/types\/page"}],"author":[{"embeddable":true,"href":"https:\/\/edgecup.pl\/index.php\/wp-json\/wp\/v2\/users\/1"}],"replies":[{"embeddable":true,"href":"https:\/\/edgecup.pl\/index.php\/wp-json\/wp\/v2\/comments?post=96"}],"version-history":[{"count":5,"href":"https:\/\/edgecup.pl\/index.php\/wp-json\/wp\/v2\/pages\/96\/revisions"}],"predecessor-version":[{"id":507,"href":"https:\/\/edgecup.pl\/index.php\/wp-json\/wp\/v2\/pages\/96\/revisions\/507"}],"up":[{"embeddable":true,"href":"https:\/\/edgecup.pl\/index.php\/wp-json\/wp\/v2\/pages\/94"}],"wp:attachment":[{"href":"https:\/\/edgecup.pl\/index.php\/wp-json\/wp\/v2\/media?parent=96"}],"curies":[{"name":"wp","href":"https:\/\/api.w.org\/{rel}","templated":true}]}}